{"id":20,"date":"2020-04-08T06:38:33","date_gmt":"2020-04-08T05:38:33","guid":{"rendered":"http:\/\/www.auditserv.ro\/?page_id=20"},"modified":"2020-04-08T07:35:16","modified_gmt":"2020-04-08T06:35:16","slug":"experienta","status":"publish","type":"page","link":"https:\/\/www.auditserv.ro\/index.php\/experienta\/","title":{"rendered":"Experienta"},"content":{"rendered":"\n<p>SC AUDITSERV PROIECT SRL a dus la bun sfarsit angajamente privind efectuarea de proceduri agreate \u00een conformitate cu Standardul Interna\u0163ional privind serviciile conexe (\u201eISRS\u201d) 4400 <em>Angajamente pentru realizarea procedurilor agreate privind informa\u0163iile financiare <\/em>emis de c\u0103tre Federa\u0163ia Interna\u0163ional\u0103 a Contabililor (\u201eIFAC\u201d) \u015fi adoptat de c\u0103tre CAFR si <em>Codul etic <\/em>emisde c\u0103tre IFAC pentru proiecte finantate din fonduri europene, componente POS DRU, POS CCE, POR, POS MEDIU. Principalii nostri beneficiari sunt urmatorii:<\/p>\n\n\n\n<ul class=\"wp-block-list\"><li>CONSILIUL JUDETEAN GORJ<\/li><li>AGENTIA JUDETEANA PENTRU OCUPAREA FORTEI DE MUNCA GORJ<\/li><li>ASOCIATIA PSIHOLOGILOR GORJENI<\/li><li>SC CRISFLOR SRL<\/li><li>SC MENTOR SM SRL<\/li><li>ASOCIATIA PENTRU SANSE EGALE<\/li><li>SC ELTOP SRL<\/li><li>SC ENOVA MECHANICS SRL<\/li><li>COMPLEXUL ENERGETIC SA<\/li><li>KONKORD TRANS SRL<\/li><\/ul>\n\n\n\n<p>SC AUDITSERV PROIECT SRL detine, de asemenea, o experienta importanta privind auditul statutar \u00een conformitate cu Standardele Interna\u0163ionale de Audit Financiar adoptate integral de Camera Auditorilor Financiari din Rom\u00e2nia (ISA), al situa\u0163iilor financiare anuale, \u00eentocmite \u00een conformitate cu prevederile O.M.F.1802\/2014 pentru diverse entitati cum ar fi:<\/p>\n\n\n\n<ul class=\"wp-block-list\"><li>I.D.P. S.A. TG-JIU<\/li><li>ARMEANCA PREST SRL<\/li><li>SC YANIDA COM S.R.L.<\/li><li>SC CTC DESALUBRIS S.R.L.<\/li><li>SC SALUBRIS GILORT SRL<\/li><li>TELEAQUA SERV S.R.L.<\/li><li>SC UTIL SALUB S.R.L.<\/li><\/ul>\n","protected":false},"excerpt":{"rendered":"<p>SC AUDITSERV PROIECT SRL a dus la bun sfarsit angajamente privind efectuarea de proceduri agreate \u00een conformitate cu Standardul Interna\u0163ional privind serviciile conexe (\u201eISRS\u201d) 4400 Angajamente pentru realizarea procedurilor agreate privind informa\u0163iile financiare emis de c\u0103tre Federa\u0163ia Interna\u0163ional\u0103 a Contabililor (\u201eIFAC\u201d) \u015fi adoptat de c\u0103tre CAFR si Codul etic emisde c\u0103tre IFAC pentru proiecte finantate &hellip; <a href=\"https:\/\/www.auditserv.ro\/index.php\/experienta\/\" class=\"more-link\">Continu\u0103 lectura<span class=\"screen-reader-text\"> \u201eExperienta\u201d<\/span><\/a><\/p>\n","protected":false},"author":1,"featured_media":0,"parent":0,"menu_order":0,"comment_status":"closed","ping_status":"closed","template":"","meta":{"footnotes":""},"class_list":["post-20","page","type-page","status-publish","hentry"],"_links":{"self":[{"href":"https:\/\/www.auditserv.ro\/index.php\/wp-json\/wp\/v2\/pages\/20","targetHints":{"allow":["GET"]}}],"collection":[{"href":"https:\/\/www.auditserv.ro\/index.php\/wp-json\/wp\/v2\/pages"}],"about":[{"href":"https:\/\/www.auditserv.ro\/index.php\/wp-json\/wp\/v2\/types\/page"}],"author":[{"embeddable":true,"href":"https:\/\/www.auditserv.ro\/index.php\/wp-json\/wp\/v2\/users\/1"}],"replies":[{"embeddable":true,"href":"https:\/\/www.auditserv.ro\/index.php\/wp-json\/wp\/v2\/comments?post=20"}],"version-history":[{"count":6,"href":"https:\/\/www.auditserv.ro\/index.php\/wp-json\/wp\/v2\/pages\/20\/revisions"}],"predecessor-version":[{"id":47,"href":"https:\/\/www.auditserv.ro\/index.php\/wp-json\/wp\/v2\/pages\/20\/revisions\/47"}],"wp:attachment":[{"href":"https:\/\/www.auditserv.ro\/index.php\/wp-json\/wp\/v2\/media?parent=20"}],"curies":[{"name":"wp","href":"https:\/\/api.w.org\/{rel}","templated":true}]}}